{"id":690,"date":"2025-01-20T23:33:36","date_gmt":"2025-01-20T23:33:36","guid":{"rendered":"https:\/\/bubbleskyhotel.com\/?page_id=690"},"modified":"2026-02-20T21:28:11","modified_gmt":"2026-02-20T21:28:11","slug":"blog","status":"publish","type":"page","link":"https:\/\/bubbleskyhotel.com\/en\/blog\/","title":{"rendered":"Blog"},"content":{"rendered":"<div data-elementor-type=\"wp-page\" data-elementor-id=\"690\" class=\"elementor elementor-690\" data-elementor-post-type=\"page\">\n\t\t\t\t<div data-dce-background-image-url=\"https:\/\/bubbleskyhotel.com\/wp-content\/uploads\/2024\/12\/3508655270723369628.jpg\" class=\"elementor-element elementor-element-5345d02 e-flex e-con-boxed e-con e-parent\" data-id=\"5345d02\" data-element_type=\"container\" data-settings=\"{&quot;background_background&quot;:&quot;classic&quot;}\">\n\t\t\t\t\t<div class=\"e-con-inner\">\n\t\t\t\t\t<\/div>\n\t\t\t\t<\/div>\n\t\t<div class=\"elementor-element elementor-element-28665dd e-flex e-con-boxed e-con e-parent\" data-id=\"28665dd\" data-element_type=\"container\">\n\t\t\t\t\t<div class=\"e-con-inner\">\n\t\t\t\t<div class=\"elementor-element elementor-element-2b81539 elementor-widget elementor-widget-heading\" data-id=\"2b81539\" data-element_type=\"widget\" data-widget_type=\"heading.default\">\n\t\t\t\t<div class=\"elementor-widget-container\">\n\t\t\t\t\t<h2 class=\"elementor-heading-title elementor-size-default\">Blog<\/h2>\t\t\t\t<\/div>\n\t\t\t\t<\/div>\n\t\t\t\t<div class=\"elementor-element elementor-element-63e93ab elementor-grid-2 elementor-grid-tablet-2 elementor-grid-mobile-1 elementor-posts--thumbnail-top elementor-card-shadow-yes elementor-posts__hover-gradient elementor-widget elementor-widget-posts\" data-id=\"63e93ab\" data-element_type=\"widget\" data-settings=\"{&quot;cards_columns&quot;:&quot;2&quot;,&quot;pagination_type&quot;:&quot;numbers_and_prev_next&quot;,&quot;cards_columns_tablet&quot;:&quot;2&quot;,&quot;cards_columns_mobile&quot;:&quot;1&quot;,&quot;cards_row_gap&quot;:{&quot;unit&quot;:&quot;px&quot;,&quot;size&quot;:35,&quot;sizes&quot;:[]},&quot;cards_row_gap_tablet&quot;:{&quot;unit&quot;:&quot;px&quot;,&quot;size&quot;:&quot;&quot;,&quot;sizes&quot;:[]},&quot;cards_row_gap_mobile&quot;:{&quot;unit&quot;:&quot;px&quot;,&quot;size&quot;:&quot;&quot;,&quot;sizes&quot;:[]}}\" data-widget_type=\"posts.cards\">\n\t\t\t\t<div class=\"elementor-widget-container\">\n\t\t\t\t\t\t\t<div class=\"elementor-posts-container elementor-posts elementor-posts--skin-cards elementor-grid\">\n\t\t\t\t<article class=\"elementor-post elementor-grid-item post-1138 post type-post status-publish format-standard has-post-thumbnail hentry category-blog\">\n\t\t\t<div class=\"elementor-post__card\">\n\t\t\t\t<a class=\"elementor-post__thumbnail__link\" href=\"https:\/\/bubbleskyhotel.com\/en\/los-mejores-hoteles-en-el-retiro-antioquia\/\" tabindex=\"-1\"><div class=\"elementor-post__thumbnail\"><img fetchpriority=\"high\" decoding=\"async\" width=\"300\" height=\"201\" src=\"https:\/\/bubbleskyhotel.com\/wp-content\/uploads\/2025\/09\/Los-mejores-hoteles-en-El-Retiro-Antioquia-para-cada-tipo-de-viajero-2025-2-300x201.jpg\" class=\"attachment-medium size-medium wp-image-1169\" alt=\"Los mejores hoteles en El Retiro, Antioquia para cada tipo de viajero 2025 2\" srcset=\"https:\/\/bubbleskyhotel.com\/wp-content\/uploads\/2025\/09\/Los-mejores-hoteles-en-El-Retiro-Antioquia-para-cada-tipo-de-viajero-2025-2-300x201.jpg 300w, https:\/\/bubbleskyhotel.com\/wp-content\/uploads\/2025\/09\/Los-mejores-hoteles-en-El-Retiro-Antioquia-para-cada-tipo-de-viajero-2025-2-18x12.jpg 18w, https:\/\/bubbleskyhotel.com\/wp-content\/uploads\/2025\/09\/Los-mejores-hoteles-en-El-Retiro-Antioquia-para-cada-tipo-de-viajero-2025-2.jpg 588w\" sizes=\"(max-width: 300px) 100vw, 300px\" \/><\/div><\/a>\n\t\t\t\t<div class=\"elementor-post__text\">\n\t\t\t\t<h3 class=\"elementor-post__title\">\n\t\t\t<a href=\"https:\/\/bubbleskyhotel.com\/en\/los-mejores-hoteles-en-el-retiro-antioquia\/\">\n\t\t\t\tThe best hotels in El Retiro, Antioquia for every type of traveler 2025\t\t\t<\/a>\n\t\t<\/h3>\n\t\t\t\t<div class=\"elementor-post__excerpt\">\n\t\t\t<p>Very close to Medell\u00edn there are small towns full of history that have recently become very popular destinations such as El Retiro, Antioquia, 45 km from Medell\u00edn.<\/p>\n\t\t<\/div>\n\t\t\n\t\t<a class=\"elementor-post__read-more\" href=\"https:\/\/bubbleskyhotel.com\/en\/los-mejores-hoteles-en-el-retiro-antioquia\/\" aria-label=\"Read more about Los mejores hoteles en El Retiro, Antioquia para cada tipo de viajero 2025\" tabindex=\"-1\">\n\t\t\tRead more \"\t\t<\/a>\n\n\t\t\t\t<\/div>\n\t\t\t\t<div class=\"elementor-post__meta-data\">\n\t\t\t\t\t<span class=\"elementor-post-date\">\n\t\t\tSeptember 2, 2025\t\t<\/span>\n\t\t\t\t<\/div>\n\t\t\t\t\t<\/div>\n\t\t<\/article>\n\t\t\t\t<article class=\"elementor-post elementor-grid-item post-1077 post type-post status-publish format-standard has-post-thumbnail hentry category-blog\">\n\t\t\t<div class=\"elementor-post__card\">\n\t\t\t\t<a class=\"elementor-post__thumbnail__link\" href=\"https:\/\/bubbleskyhotel.com\/en\/glamping-en-guatape-o-cabanas-y-hoteles-pros-y-contras\/\" tabindex=\"-1\"><div class=\"elementor-post__thumbnail\"><img decoding=\"async\" width=\"300\" height=\"218\" src=\"https:\/\/bubbleskyhotel.com\/wp-content\/uploads\/2025\/07\/Glamping-en-Guatape-o-cabanas-y-hoteles.-Pros-y-contras-de-cada-opcion-300x218.jpg\" class=\"attachment-medium size-medium wp-image-1083\" alt=\"Glamping en Guatap\u00e9 o caba\u00f1as y hoteles. Pros y contras de cada opci\u00f3n\" srcset=\"https:\/\/bubbleskyhotel.com\/wp-content\/uploads\/2025\/07\/Glamping-en-Guatape-o-cabanas-y-hoteles.-Pros-y-contras-de-cada-opcion-300x218.jpg 300w, https:\/\/bubbleskyhotel.com\/wp-content\/uploads\/2025\/07\/Glamping-en-Guatape-o-cabanas-y-hoteles.-Pros-y-contras-de-cada-opcion-768x557.jpg 768w, https:\/\/bubbleskyhotel.com\/wp-content\/uploads\/2025\/07\/Glamping-en-Guatape-o-cabanas-y-hoteles.-Pros-y-contras-de-cada-opcion-18x12.jpg 18w, https:\/\/bubbleskyhotel.com\/wp-content\/uploads\/2025\/07\/Glamping-en-Guatape-o-cabanas-y-hoteles.-Pros-y-contras-de-cada-opcion.jpg 800w\" sizes=\"(max-width: 300px) 100vw, 300px\" \/><\/div><\/a>\n\t\t\t\t<div class=\"elementor-post__text\">\n\t\t\t\t<h3 class=\"elementor-post__title\">\n\t\t\t<a href=\"https:\/\/bubbleskyhotel.com\/en\/glamping-en-guatape-o-cabanas-y-hoteles-pros-y-contras\/\">\n\t\t\t\tGlamping in Guatap\u00e9 or cabins and hotels. Pros and cons of each option\t\t\t<\/a>\n\t\t<\/h3>\n\t\t\t\t<div class=\"elementor-post__excerpt\">\n\t\t\t<p>This tourist destination in Antioquia, surrounded by the reservoir and green mountains, offers a variety of accommodations for all tastes. And the choice of<\/p>\n\t\t<\/div>\n\t\t\n\t\t<a class=\"elementor-post__read-more\" href=\"https:\/\/bubbleskyhotel.com\/en\/glamping-en-guatape-o-cabanas-y-hoteles-pros-y-contras\/\" aria-label=\"Read more about Glamping en Guatap\u00e9 o caba\u00f1as y hoteles. Pros y contras de cada opci\u00f3n\" tabindex=\"-1\">\n\t\t\tRead more \"\t\t<\/a>\n\n\t\t\t\t<\/div>\n\t\t\t\t<div class=\"elementor-post__meta-data\">\n\t\t\t\t\t<span class=\"elementor-post-date\">\n\t\t\tJuly 8, 2025\t\t<\/span>\n\t\t\t\t<\/div>\n\t\t\t\t\t<\/div>\n\t\t<\/article>\n\t\t\t\t<article class=\"elementor-post elementor-grid-item post-1034 post type-post status-publish format-standard has-post-thumbnail hentry category-blog\">\n\t\t\t<div class=\"elementor-post__card\">\n\t\t\t\t<a class=\"elementor-post__thumbnail__link\" href=\"https:\/\/bubbleskyhotel.com\/en\/regalos-para-novias-y-novios-ideas-detalle\/\" tabindex=\"-1\"><div class=\"elementor-post__thumbnail\"><img decoding=\"async\" width=\"300\" height=\"234\" src=\"https:\/\/bubbleskyhotel.com\/wp-content\/uploads\/2025\/06\/Regalos_para_novias_y_novios_ideas_experiencias_y_detalles_que_enamoran-300x234.jpg\" class=\"attachment-medium size-medium wp-image-1036\" alt=\"Regalos_para_novias_y_novios_ideas_experiencias_y_detalles_que_enamoran\" srcset=\"https:\/\/bubbleskyhotel.com\/wp-content\/uploads\/2025\/06\/Regalos_para_novias_y_novios_ideas_experiencias_y_detalles_que_enamoran-300x234.jpg 300w, https:\/\/bubbleskyhotel.com\/wp-content\/uploads\/2025\/06\/Regalos_para_novias_y_novios_ideas_experiencias_y_detalles_que_enamoran-15x12.jpg 15w, https:\/\/bubbleskyhotel.com\/wp-content\/uploads\/2025\/06\/Regalos_para_novias_y_novios_ideas_experiencias_y_detalles_que_enamoran.jpg 667w\" sizes=\"(max-width: 300px) 100vw, 300px\" \/><\/div><\/a>\n\t\t\t\t<div class=\"elementor-post__text\">\n\t\t\t\t<h3 class=\"elementor-post__title\">\n\t\t\t<a href=\"https:\/\/bubbleskyhotel.com\/en\/regalos-para-novias-y-novios-ideas-detalle\/\">\n\t\t\t\tGifts for Brides and Grooms: Ideas, Experiences and Details that Fall in Love\t\t\t<\/a>\n\t\t<\/h3>\n\t\t\t\t<div class=\"elementor-post__excerpt\">\n\t\t\t<p>Looking for a special gift for your girlfriend or boyfriend? The best gifts don't always come in a box. Sometimes, the most meaningful thing is<\/p>\n\t\t<\/div>\n\t\t\n\t\t<a class=\"elementor-post__read-more\" href=\"https:\/\/bubbleskyhotel.com\/en\/regalos-para-novias-y-novios-ideas-detalle\/\" aria-label=\"Read more about Regalos para novias y novios: Ideas, Experiencias y Detalles que Enamoran\" tabindex=\"-1\">\n\t\t\tRead more \"\t\t<\/a>\n\n\t\t\t\t<\/div>\n\t\t\t\t<div class=\"elementor-post__meta-data\">\n\t\t\t\t\t<span class=\"elementor-post-date\">\n\t\t\tJune 17, 2025\t\t<\/span>\n\t\t\t\t<\/div>\n\t\t\t\t\t<\/div>\n\t\t<\/article>\n\t\t\t\t<article class=\"elementor-post elementor-grid-item post-1011 post type-post status-publish format-standard has-post-thumbnail hentry category-blog\">\n\t\t\t<div class=\"elementor-post__card\">\n\t\t\t\t<a class=\"elementor-post__thumbnail__link\" href=\"https:\/\/bubbleskyhotel.com\/en\/guia-de-glamping-en-guatape-lujo-y-naturaleza\/\" tabindex=\"-1\"><div class=\"elementor-post__thumbnail\"><img loading=\"lazy\" decoding=\"async\" width=\"300\" height=\"300\" src=\"https:\/\/bubbleskyhotel.com\/wp-content\/uploads\/2025\/05\/Guia_de_Glamping_en_Guatape_lujo_y_naturaleza_junto_a_la_represa-300x300.jpg\" class=\"attachment-medium size-medium wp-image-1014\" alt=\"Gu\u00eda_de_Glamping_en_Guatap\u00e9_lujo_y_naturaleza_junto_a_la_represa\" srcset=\"https:\/\/bubbleskyhotel.com\/wp-content\/uploads\/2025\/05\/Guia_de_Glamping_en_Guatape_lujo_y_naturaleza_junto_a_la_represa-300x300.jpg 300w, https:\/\/bubbleskyhotel.com\/wp-content\/uploads\/2025\/05\/Guia_de_Glamping_en_Guatape_lujo_y_naturaleza_junto_a_la_represa-150x150.jpg 150w, https:\/\/bubbleskyhotel.com\/wp-content\/uploads\/2025\/05\/Guia_de_Glamping_en_Guatape_lujo_y_naturaleza_junto_a_la_represa-12x12.jpg 12w, https:\/\/bubbleskyhotel.com\/wp-content\/uploads\/2025\/05\/Guia_de_Glamping_en_Guatape_lujo_y_naturaleza_junto_a_la_represa.jpg 600w\" sizes=\"(max-width: 300px) 100vw, 300px\" \/><\/div><\/a>\n\t\t\t\t<div class=\"elementor-post__text\">\n\t\t\t\t<h3 class=\"elementor-post__title\">\n\t\t\t<a href=\"https:\/\/bubbleskyhotel.com\/en\/guia-de-glamping-en-guatape-lujo-y-naturaleza\/\">\n\t\t\t\tGuide to Glamping in Guatap\u00e9: luxury and nature by the reservoir\t\t\t<\/a>\n\t\t<\/h3>\n\t\t\t\t<div class=\"elementor-post__excerpt\">\n\t\t\t<p>Guatap\u00e9, in eastern Antioquia, is a destination that combines mountains, reservoirs, fresh air and a colorful town that looks like something out of a painting.<\/p>\n\t\t<\/div>\n\t\t\n\t\t<a class=\"elementor-post__read-more\" href=\"https:\/\/bubbleskyhotel.com\/en\/guia-de-glamping-en-guatape-lujo-y-naturaleza\/\" aria-label=\"Read more about Gu\u00eda de Glamping en Guatap\u00e9: lujo y naturaleza junto a la represa\" tabindex=\"-1\">\n\t\t\tRead more \"\t\t<\/a>\n\n\t\t\t\t<\/div>\n\t\t\t\t<div class=\"elementor-post__meta-data\">\n\t\t\t\t\t<span class=\"elementor-post-date\">\n\t\t\tMay 28, 2025\t\t<\/span>\n\t\t\t\t<\/div>\n\t\t\t\t\t<\/div>\n\t\t<\/article>\n\t\t\t\t<article class=\"elementor-post elementor-grid-item post-975 post type-post status-publish format-standard has-post-thumbnail hentry category-blog\">\n\t\t\t<div class=\"elementor-post__card\">\n\t\t\t\t<a class=\"elementor-post__thumbnail__link\" href=\"https:\/\/bubbleskyhotel.com\/en\/glamping-para-conocer-con-tu-pareja-en-guatape\/\" tabindex=\"-1\"><div class=\"elementor-post__thumbnail\"><img loading=\"lazy\" decoding=\"async\" width=\"300\" height=\"218\" src=\"https:\/\/bubbleskyhotel.com\/wp-content\/uploads\/2025\/05\/Blog-Bubble-Sky-Glamping-para-conocer-foto-1-300x218.jpeg\" class=\"attachment-medium size-medium wp-image-976\" alt=\"glamping_para_conocer_con_tu_pareja_en_guatape_antioquia\" srcset=\"https:\/\/bubbleskyhotel.com\/wp-content\/uploads\/2025\/05\/Blog-Bubble-Sky-Glamping-para-conocer-foto-1-300x218.jpeg 300w, https:\/\/bubbleskyhotel.com\/wp-content\/uploads\/2025\/05\/Blog-Bubble-Sky-Glamping-para-conocer-foto-1-18x12.jpeg 18w, https:\/\/bubbleskyhotel.com\/wp-content\/uploads\/2025\/05\/Blog-Bubble-Sky-Glamping-para-conocer-foto-1.jpeg 600w\" sizes=\"(max-width: 300px) 100vw, 300px\" \/><\/div><\/a>\n\t\t\t\t<div class=\"elementor-post__text\">\n\t\t\t\t<h3 class=\"elementor-post__title\">\n\t\t\t<a href=\"https:\/\/bubbleskyhotel.com\/en\/glamping-para-conocer-con-tu-pareja-en-guatape\/\">\n\t\t\t\tGlamping to meet with your partner in Guatap\u00e9. Antioquia\t\t\t<\/a>\n\t\t<\/h3>\n\t\t\t\t<div class=\"elementor-post__excerpt\">\n\t\t\t<p>If you are looking for a glamping to meet with your partner in Guatap\u00e9. Antioquia, with its shining dam, its green mountains and its streets filled with<\/p>\n\t\t<\/div>\n\t\t\n\t\t<a class=\"elementor-post__read-more\" href=\"https:\/\/bubbleskyhotel.com\/en\/glamping-para-conocer-con-tu-pareja-en-guatape\/\" aria-label=\"Read more about Glamping para conocer con tu pareja en Guatap\u00e9. Antioquia\" tabindex=\"-1\">\n\t\t\tRead more \"\t\t<\/a>\n\n\t\t\t\t<\/div>\n\t\t\t\t<div class=\"elementor-post__meta-data\">\n\t\t\t\t\t<span class=\"elementor-post-date\">\n\t\t\tMay 17, 2025\t\t<\/span>\n\t\t\t\t<\/div>\n\t\t\t\t\t<\/div>\n\t\t<\/article>\n\t\t\t\t<article class=\"elementor-post elementor-grid-item post-827 post type-post status-publish format-standard has-post-thumbnail hentry category-blog\">\n\t\t\t<div class=\"elementor-post__card\">\n\t\t\t\t<a class=\"elementor-post__thumbnail__link\" href=\"https:\/\/bubbleskyhotel.com\/en\/guia-completa-para-visitar-el-retiro-antioquia\/\" tabindex=\"-1\"><div class=\"elementor-post__thumbnail\"><img loading=\"lazy\" decoding=\"async\" width=\"300\" height=\"234\" src=\"https:\/\/bubbleskyhotel.com\/wp-content\/uploads\/2025\/03\/parque-del-retiro-antioquia-300x234.jpeg\" class=\"attachment-medium size-medium wp-image-832\" alt=\"parque del retiro antioquia\" srcset=\"https:\/\/bubbleskyhotel.com\/wp-content\/uploads\/2025\/03\/parque-del-retiro-antioquia-300x234.jpeg 300w, https:\/\/bubbleskyhotel.com\/wp-content\/uploads\/2025\/03\/parque-del-retiro-antioquia-15x12.jpeg 15w, https:\/\/bubbleskyhotel.com\/wp-content\/uploads\/2025\/03\/parque-del-retiro-antioquia.jpeg 600w\" sizes=\"(max-width: 300px) 100vw, 300px\" \/><\/div><\/a>\n\t\t\t\t<div class=\"elementor-post__text\">\n\t\t\t\t<h3 class=\"elementor-post__title\">\n\t\t\t<a href=\"https:\/\/bubbleskyhotel.com\/en\/guia-completa-para-visitar-el-retiro-antioquia\/\">\n\t\t\t\tComplete guide to visit El Retiro, Antioquia: What to do, where to stay and the best plans for your getaway.\u00a0\t\t\t<\/a>\n\t\t<\/h3>\n\t\t\t\t<div class=\"elementor-post__excerpt\">\n\t\t\t<p>El Retiro, Antioquia, is one of the most charming destinations near Medellin. With a combination of history, nature, and culture, this town is the<\/p>\n\t\t<\/div>\n\t\t\n\t\t<a class=\"elementor-post__read-more\" href=\"https:\/\/bubbleskyhotel.com\/en\/guia-completa-para-visitar-el-retiro-antioquia\/\" aria-label=\"Read more about Gu\u00eda completa para visitar El Retiro, Antioquia: Qu\u00e9 hacer, d\u00f3nde hospedarte y los mejores planes para tu escapada\u00a0\" tabindex=\"-1\">\n\t\t\tRead more \"\t\t<\/a>\n\n\t\t\t\t<\/div>\n\t\t\t\t<div class=\"elementor-post__meta-data\">\n\t\t\t\t\t<span class=\"elementor-post-date\">\n\t\t\tMarch 13, 2025\t\t<\/span>\n\t\t\t\t<\/div>\n\t\t\t\t\t<\/div>\n\t\t<\/article>\n\t\t\t\t<\/div>\n\t\t\n\t\t\t\t\t\t<\/div>\n\t\t\t\t<\/div>\n\t\t\t\t\t<\/div>\n\t\t\t\t<\/div>\n\t\t\t\t<\/div>","protected":false},"excerpt":{"rendered":"<p>Blog<\/p>","protected":false},"author":1,"featured_media":0,"parent":0,"menu_order":0,"comment_status":"closed","ping_status":"closed","template":"","meta":{"footnotes":""},"class_list":["post-690","page","type-page","status-publish","hentry"],"_links":{"self":[{"href":"https:\/\/bubbleskyhotel.com\/en\/wp-json\/wp\/v2\/pages\/690","targetHints":{"allow":["GET"]}}],"collection":[{"href":"https:\/\/bubbleskyhotel.com\/en\/wp-json\/wp\/v2\/pages"}],"about":[{"href":"https:\/\/bubbleskyhotel.com\/en\/wp-json\/wp\/v2\/types\/page"}],"author":[{"embeddable":true,"href":"https:\/\/bubbleskyhotel.com\/en\/wp-json\/wp\/v2\/users\/1"}],"replies":[{"embeddable":true,"href":"https:\/\/bubbleskyhotel.com\/en\/wp-json\/wp\/v2\/comments?post=690"}],"version-history":[{"count":43,"href":"https:\/\/bubbleskyhotel.com\/en\/wp-json\/wp\/v2\/pages\/690\/revisions"}],"predecessor-version":[{"id":1174,"href":"https:\/\/bubbleskyhotel.com\/en\/wp-json\/wp\/v2\/pages\/690\/revisions\/1174"}],"wp:attachment":[{"href":"https:\/\/bubbleskyhotel.com\/en\/wp-json\/wp\/v2\/media?parent=690"}],"curies":[{"name":"wp","href":"https:\/\/api.w.org\/{rel}","templated":true}]}}